{"id":292,"date":"2012-09-22T20:03:54","date_gmt":"2012-09-22T20:03:54","guid":{"rendered":"http:\/\/www.danteluchetti.com\/?page_id=292"},"modified":"2018-08-05T07:39:51","modified_gmt":"2018-08-05T07:39:51","slug":"corporacion-hotelera-madrid-junto-a-dante-luchetti","status":"publish","type":"page","link":"http:\/\/www.danteluchetti.com\/?page_id=292","title":{"rendered":"CORPORACION HOTELERA (MADRID) JUNTO A DANTE LUCHETTI"},"content":{"rendered":"<p>&nbsp;<\/p>\n<p><a href=\"http:\/\/www.danteluchetti.com\/wp-content\/uploads\/2012\/09\/CHH.jpg\"><img decoding=\"async\" loading=\"lazy\" class=\"aligncenter size-medium wp-image-294\" title=\"CHH\" src=\"http:\/\/www.danteluchetti.com\/wp-content\/uploads\/2012\/09\/CHH-300x296.jpg\" alt=\"\" width=\"300\" height=\"296\" srcset=\"http:\/\/www.danteluchetti.com\/wp-content\/uploads\/2012\/09\/CHH-300x296.jpg 300w, http:\/\/www.danteluchetti.com\/wp-content\/uploads\/2012\/09\/CHH-1024x1012.jpg 1024w, http:\/\/www.danteluchetti.com\/wp-content\/uploads\/2012\/09\/CHH.jpg 1625w\" sizes=\"(max-width: 300px) 100vw, 300px\" \/><\/a><\/p>\n<p>&nbsp;<\/p>\n<h3><\/h3>\n<h3><a href=\"http:\/\/www.danteluchetti.com\/wp-content\/uploads\/2012\/09\/CHH_traz.jpg\"><img decoding=\"async\" loading=\"lazy\" class=\"alignleft  wp-image-293\" title=\"CHH_traz\" src=\"http:\/\/www.danteluchetti.com\/wp-content\/uploads\/2012\/09\/CHH_traz-300x288.jpg\" alt=\"\" width=\"84\" height=\"81\" srcset=\"http:\/\/www.danteluchetti.com\/wp-content\/uploads\/2012\/09\/CHH_traz-300x288.jpg 300w, http:\/\/www.danteluchetti.com\/wp-content\/uploads\/2012\/09\/CHH_traz-1024x985.jpg 1024w, http:\/\/www.danteluchetti.com\/wp-content\/uploads\/2012\/09\/CHH_traz.jpg 1949w\" sizes=\"(max-width: 84px) 100vw, 84px\" \/><\/a><\/h3>\n<h3><\/h3>\n<h3><a title=\"Hotel Ada Palace\" href=\"http:\/\/www.hoteladapalace-madrid.com\/\" target=\"_blank\">\u00a0 Hotel Ada Palace <\/a><\/h3>\n<p>Gran V\u00eda, 2 &#8211; 28013 &#8211; Madrid<br \/>\nTel. +34 91 701 19 19<br \/>\ninfo@hoteladapalace-madrid.com<\/p>\n<div>\n<h3><a title=\"Gran Hotel Vel\u00e1zquez Madrid\" href=\"http:\/\/www.hotelvelazquez.es\/\" target=\"_blank\">Gran Hotel Vel\u00e1zquez<\/a><\/h3>\n<p>Vel\u00e1zquez, 62 &#8211; 28001 &#8211; Madrid<br \/>\nTel. +34 91 575 28 00<br \/>\ninfo@hotelvelazquez.es<\/p>\n<\/div>\n<div>\n<h3><a title=\"\" href=\"http:\/\/www.hotelmariaelenapalace.es\/\">Hotel Mar\u00eda Elena Palace<\/a><\/h3>\n<p>Aduana, 19 &#8211; 28013 &#8211; Madrid<br \/>\nTel. +34 91 360 49 30<br \/>\ninfo@hotelmariaelenapalace.es<\/p>\n<\/div>\n<div>\n<h3><a title=\"Hotel Osuna Madrid\" href=\"http:\/\/www.hotelosuna.es\/\" target=\"_blank\">Hotel Osuna<\/a><\/h3>\n<p>Luis de la Mata, 18 &#8211; 28042 &#8211; Madrid<br \/>\nTel. +34 91 741 81 00<br \/>\ninfo@hotelosuna.es<\/p>\n<\/div>\n<h3><a title=\"Hotel Asturias\" href=\"http:\/\/www.hotel-asturias.com\/\" target=\"_blank\">Hotel Asturias<\/a><\/h3>\n<p>Sevilla, 2 &#8211; 28014 &#8211; Madrid<br \/>\nTel. +34 91 429 66 76<br \/>\ninfo@hotel-asturias.com<\/p>\n","protected":false},"excerpt":{"rendered":"<p>&nbsp; &nbsp; \u00a0 Hotel Ada Palace Gran V\u00eda, 2 &#8211; 28013 &#8211; Madrid Tel. +34 91 701 19 19 info@hoteladapalace-madrid.com Gran Hotel Vel\u00e1zquez Vel\u00e1zquez, 62 &#8211; 28001 &#8211; Madrid Tel. +34 91 575 28 00 info@hotelvelazquez.es Hotel Mar\u00eda Elena Palace Aduana, 19 &#8211; 28013 &#8211; Madrid Tel. +34 91 360 49 30 info@hotelmariaelenapalace.es Hotel Osuna&#8230;<\/p>\n","protected":false},"author":2,"featured_media":0,"parent":8,"menu_order":0,"comment_status":"closed","ping_status":"closed","template":"","meta":{"ngg_post_thumbnail":0},"_links":{"self":[{"href":"http:\/\/www.danteluchetti.com\/index.php?rest_route=\/wp\/v2\/pages\/292"}],"collection":[{"href":"http:\/\/www.danteluchetti.com\/index.php?rest_route=\/wp\/v2\/pages"}],"about":[{"href":"http:\/\/www.danteluchetti.com\/index.php?rest_route=\/wp\/v2\/types\/page"}],"author":[{"embeddable":true,"href":"http:\/\/www.danteluchetti.com\/index.php?rest_route=\/wp\/v2\/users\/2"}],"replies":[{"embeddable":true,"href":"http:\/\/www.danteluchetti.com\/index.php?rest_route=%2Fwp%2Fv2%2Fcomments&post=292"}],"version-history":[{"count":3,"href":"http:\/\/www.danteluchetti.com\/index.php?rest_route=\/wp\/v2\/pages\/292\/revisions"}],"predecessor-version":[{"id":296,"href":"http:\/\/www.danteluchetti.com\/index.php?rest_route=\/wp\/v2\/pages\/292\/revisions\/296"}],"up":[{"embeddable":true,"href":"http:\/\/www.danteluchetti.com\/index.php?rest_route=\/wp\/v2\/pages\/8"}],"wp:attachment":[{"href":"http:\/\/www.danteluchetti.com\/index.php?rest_route=%2Fwp%2Fv2%2Fmedia&parent=292"}],"curies":[{"name":"wp","href":"https:\/\/api.w.org\/{rel}","templated":true}]}}